{"id":363,"date":"2021-11-25T09:05:20","date_gmt":"2021-11-25T08:05:20","guid":{"rendered":"https:\/\/bsnet24.com\/?page_id=363"},"modified":"2022-11-23T09:43:24","modified_gmt":"2022-11-23T08:43:24","slug":"weihnachtsgruesse","status":"publish","type":"page","link":"https:\/\/bsnet24.com\/en\/weihnachtsgruesse\/","title":{"rendered":"(Deutsch) Frohe Weihnachten"},"content":{"rendered":"<p class=\"qtranxs-available-languages-message qtranxs-available-languages-message-en\">Sorry, this entry is only available in <a href=\"https:\/\/bsnet24.com\/de\/wp-json\/wp\/v2\/pages\/363\" class=\"qtranxs-available-language-link qtranxs-available-language-link-de\" title=\"Deutsch\">Deutsch<\/a>. For the sake of viewer convenience, the content is shown below in the alternative language. You may click the link to switch the active language.<\/p><p><\/p>\n<pre>\u00bbWenn\u2018s alte Jahr erfolgreich war, dann freue dich aufs neue.\r\nUnd war es schlecht, ja dann erst recht.\u00ab <span style=\"font-size: 0.8em!important\">Albert Einstein (1879 \u2013 1955)<\/span><\/pre>\n<p>Herzlichen Dank f\u00fcr die wertvolle Zusammenarbeit mit Ihnen in diesem Jahr!<\/p>\n<p>Wir w\u00fcnschen Ihnen und Ihren Lieben eine fr\u00f6hliche Weihnachtszeit und Gl\u00fcck und Erfolg im neuen Jahr. Bleiben Sie gesund!<\/p>\n<p>Udo Bublitz \u00b7 Peter Slomka<br \/>\n&#038; Team<\/p>","protected":false},"excerpt":{"rendered":"<p>Sorry, this entry is only available in Deutsch. For the sake of viewer convenience, the content is shown below in the alternative language. You may click the link to switch the active language. \u00bbWenn\u2018s alte Jahr erfolgreich war, dann freue dich aufs neue. Und war es schlecht, ja dann erst recht.\u00ab Albert Einstein (1879 \u2013 &hellip; <\/p>\n<p class=\"link-more\"><a href=\"https:\/\/bsnet24.com\/en\/weihnachtsgruesse\/\" class=\"more-link\">Continue reading<span class=\"screen-reader-text\"> &#8220;(Deutsch) Frohe Weihnachten&#8221;<\/span><\/a><\/p>\n","protected":false},"author":1,"featured_media":0,"parent":0,"menu_order":0,"comment_status":"closed","ping_status":"closed","template":"","meta":{"footnotes":""},"class_list":["post-363","page","type-page","status-publish","hentry"],"aioseo_notices":[],"_links":{"self":[{"href":"https:\/\/bsnet24.com\/en\/wp-json\/wp\/v2\/pages\/363","targetHints":{"allow":["GET"]}}],"collection":[{"href":"https:\/\/bsnet24.com\/en\/wp-json\/wp\/v2\/pages"}],"about":[{"href":"https:\/\/bsnet24.com\/en\/wp-json\/wp\/v2\/types\/page"}],"author":[{"embeddable":true,"href":"https:\/\/bsnet24.com\/en\/wp-json\/wp\/v2\/users\/1"}],"replies":[{"embeddable":true,"href":"https:\/\/bsnet24.com\/en\/wp-json\/wp\/v2\/comments?post=363"}],"version-history":[{"count":10,"href":"https:\/\/bsnet24.com\/en\/wp-json\/wp\/v2\/pages\/363\/revisions"}],"predecessor-version":[{"id":384,"href":"https:\/\/bsnet24.com\/en\/wp-json\/wp\/v2\/pages\/363\/revisions\/384"}],"wp:attachment":[{"href":"https:\/\/bsnet24.com\/en\/wp-json\/wp\/v2\/media?parent=363"}],"curies":[{"name":"wp","href":"https:\/\/api.w.org\/{rel}","templated":true}]}}