{"id":39,"date":"2018-06-04T12:48:47","date_gmt":"2018-06-04T10:48:47","guid":{"rendered":"https:\/\/wordpress.bsnet24.com\/?page_id=39"},"modified":"2025-07-31T16:06:44","modified_gmt":"2025-07-31T14:06:44","slug":"impressum","status":"publish","type":"page","link":"https:\/\/bsnet24.com\/en\/impressum\/","title":{"rendered":"Impressum"},"content":{"rendered":"<p><\/p>\n<h2>Unternehmen<\/h2>\n<p><span class=\"b-und-s\">B &amp; S<\/span> Assekuranz- und Finanzmanagement<br \/>\nUdo Bublitz &amp; Peter Slomka oHG<br \/>\nPostfach 190202 \u2022 40112 D\u00fcsseldorf<br \/>\nKaistr. 4a \u2022 40221 D\u00fcsseldorf<\/p>\n<p>Fon 0211 310609-0 \u2022 Fax 0211 310609-99<\/p>\n<p>Amtsgericht D\u00fcsseldorf HRA 19056<br \/>\nSteuer-Nr. 147\/5904\/0534<br \/>\nUSt. befreit<\/p>\n<p>Gesch\u00e4ftsf\u00fchrer Udo Bublitz \u2022 Peter Slomka<\/p>\n<p><span class=\"b-und-s\">B &amp; S<\/span> Beteiligungsgesellschaft<br \/>\nf\u00fcr betriebliches Altersvorsorgemanagement mbH<br \/>\nPostfach 101864 \u2022 40838 Ratingen<br \/>\nFormerstr. 47 \u2022 40878 Ratingen<\/p>\n<p>Amtsgericht D\u00fcsseldorf HRB 55410<br \/>\nSteuer-Nr. 147\/5807\/2091<\/p>\n<p><span class=\"b-und-s\">B &amp; S<\/span> Gesellschaft f\u00fcr betriebliches<br \/>\nAltersvorsorgemanagement mbH &amp; Co. KG<br \/>\nPostfach 101864 \u2022 40838 Ratingen<br \/>\nFormerstr. 47 \u2022 40878 Ratingen<\/p>\n<p>Fon 02102 8500-0 \u2022 Fax 0211 310609-99<\/p>\n<p>Amtsgericht D\u00fcsseldorf HRA 19122<br \/>\nSteuer-Nr. 147\/5904\/0567<br \/>\nUSt.-ID DE314954191<\/p>\n<p>Gesch\u00e4ftsf\u00fchrer Udo Bublitz \u2022 Peter Slomka<\/p>\n<p>info@bsnet24.com<br \/>\n<a href=\"https:\/\/bsnet24.com\">www.bsnet24.com<\/a><\/p>\n<p>Umsetzung <a href=\"https:\/\/www.ogis.de\" target=\"_blank\" rel=\"noopener noreferrer\">www.ogis.de<\/a><br \/>\nBildnachweise <a href=\"https:\/\/www.istockphoto.com\" target=\"_blank\" rel=\"noopener noreferrer\">www.istockphoto.com<\/a><\/p>\n<h2>Zust\u00e4ndige Aufsichtsbeh\u00f6rde<\/h2>\n<p>IHK D\u00fcsseldorf<br \/>\nErnst-Schneider-Platz 1<br \/>\n40212 D\u00fcsseldorf<\/p>\n<h2>Verantwortliche im Sinne des \u00a718 Abs. 2 MStV sind<\/h2>\n<p>Udo Bublitz &#038; Peter Slomka, Kaistra\u00dfe 4a, 40221 D\u00fcsseldorf<\/p>\n<p>Gemeinsame Regulierungsstelle nach \u00a7 11 Absatz 1 Nr. 4 VersVermV<br \/>\nDeutscher Industrie- und Handelskammertag (DIHK) e.V.<br \/>\nBreite Stra\u00dfe 29 \u2022 10178 Berlin<\/p>\n<h2>Vermittlerregister<\/h2>\n<p><a href=\"https:\/\/www.vermittlerregister.info\" target=\"_blank\" rel=\"noopener noreferrer\">www.vermittlerregister.info<\/a><\/p>\n<p>Versicherungsmakler mit Erlaubnis nach \u00a7 34 d Abs. 1 GewO<br \/>\nRegistrierungsnummer D-OCV9-ZHB16-25, D-KJHP-L9U1M-33<br \/>\nFinanzanlagenvermittler mit Erlaubnis nach \u00a7 34 f Abs. 1 GewO<br \/>\nRegistrierungsnummer D-F-119-RC11-35, D-F-119-MD11-93<br \/>\nVersicherungsmakler mit Erlaubnis nach \u00a7 34 d Abs. 1 GewO<br \/>\nRegistrierungsnummer D-9ONH-C31AA-68<\/p>\n<p>Gewerbeerlaubnis nach 34 c GewO<\/p>\n<h2>Schlichtungsstellen<\/h2>\n<p>Versicherungsombudsmann e.V.<br \/>\nPostfach 08 06 32 \u2022 10006 Berlin<br \/>\n<a href=\"https:\/\/www.versicherungsombudsmann.de\" target=\"_blank\" rel=\"noopener noreferrer\">www.versicherungsombudsmann.de<\/a><\/p>\n<p>Ombudsmann Private Kranken- und Pflegeversicherung<br \/>\nPostfach 06 02 22 \u2022 10052 Berlin<br \/>\n<a href=\"https:\/\/www.pkv-ombudsmann.de\" target=\"_blank\" rel=\"noopener noreferrer\">www.pkv-ombudsmann.de<\/a><\/p>\n<h2>Urheberrecht<\/h2>\n<p>Alle Rechte vorbehalten. Text, Bilder, Grafiken, Sound, Animationen und Videos unterliegen dem Schutz des Urheberrechts und anderer Schutzgesetze. Der Inhalt dieser Website darf nicht zu kommerziellen Zwecken kopiert, verbreitet, ver\u00e4ndert oder Dritten zug\u00e4nglich gemacht werden. Wir weisen darauf hin, dass auf der Website enthaltene Bilder dem Urheberrecht Dritter unterliegen.<\/p>\n<h2>Haftung<\/h2>\n<p>Diese Website wurde mit gr\u00f6\u00dftm\u00f6glicher Sorgfalt zusammengestellt. Unabh\u00e4ngig hiervon wird keine Gew\u00e4hr f\u00fcr die Fehlerfreiheit der enthaltenen Informationen \u00fcbernommen. Jegliche Haftung f\u00fcr Sch\u00e4den, die direkt oder indirekt aus der Benutzung dieser Website entstehen, wird ausgeschlossen, soweit diese nicht auf Vorsatz oder grober Fahrl\u00e4ssigkeit beruhen. Sofern von dieser Website auf Internetseiten verwiesen wird, die von Dritten betrieben werden, \u00fcbernimmt <span class=\"b-und-s\">B &amp; S<\/span> keine Verantwortung f\u00fcr deren Inhalte.<br \/>\n    <\/p>","protected":false},"excerpt":{"rendered":"<p>Unternehmen B &amp; S Assekuranz- und Finanzmanagement Udo Bublitz &amp; Peter Slomka oHG Postfach 190202 \u2022 40112 D\u00fcsseldorf Kaistr. 4a \u2022 40221 D\u00fcsseldorf Fon 0211 310609-0 \u2022 Fax 0211 310609-99 Amtsgericht D\u00fcsseldorf HRA 19056 Steuer-Nr. 147\/5904\/0534 USt. befreit Gesch\u00e4ftsf\u00fchrer Udo Bublitz \u2022 Peter Slomka B &amp; S Beteiligungsgesellschaft f\u00fcr betriebliches Altersvorsorgemanagement mbH Postfach 101864 \u2022 &hellip; <\/p>\n<p class=\"link-more\"><a href=\"https:\/\/bsnet24.com\/en\/impressum\/\" class=\"more-link\">Continue reading<span class=\"screen-reader-text\"> &#8220;Impressum&#8221;<\/span><\/a><\/p>\n","protected":false},"author":1,"featured_media":0,"parent":0,"menu_order":0,"comment_status":"closed","ping_status":"closed","template":"","meta":{"footnotes":""},"class_list":["post-39","page","type-page","status-publish","hentry"],"aioseo_notices":[],"_links":{"self":[{"href":"https:\/\/bsnet24.com\/en\/wp-json\/wp\/v2\/pages\/39","targetHints":{"allow":["GET"]}}],"collection":[{"href":"https:\/\/bsnet24.com\/en\/wp-json\/wp\/v2\/pages"}],"about":[{"href":"https:\/\/bsnet24.com\/en\/wp-json\/wp\/v2\/types\/page"}],"author":[{"embeddable":true,"href":"https:\/\/bsnet24.com\/en\/wp-json\/wp\/v2\/users\/1"}],"replies":[{"embeddable":true,"href":"https:\/\/bsnet24.com\/en\/wp-json\/wp\/v2\/comments?post=39"}],"version-history":[{"count":23,"href":"https:\/\/bsnet24.com\/en\/wp-json\/wp\/v2\/pages\/39\/revisions"}],"predecessor-version":[{"id":402,"href":"https:\/\/bsnet24.com\/en\/wp-json\/wp\/v2\/pages\/39\/revisions\/402"}],"wp:attachment":[{"href":"https:\/\/bsnet24.com\/en\/wp-json\/wp\/v2\/media?parent=39"}],"curies":[{"name":"wp","href":"https:\/\/api.w.org\/{rel}","templated":true}]}}