{"id":7,"date":"2017-05-29T12:56:47","date_gmt":"2017-05-29T10:56:47","guid":{"rendered":"http:\/\/wordpress.bsnet24.com\/?page_id=7"},"modified":"2021-11-12T17:24:45","modified_gmt":"2021-11-12T16:24:45","slug":"startseite","status":"publish","type":"page","link":"https:\/\/bsnet24.com\/en\/","title":{"rendered":"Herzlich Willkommen"},"content":{"rendered":"<p>Der 1998 gegr\u00fcndete inhabergef\u00fchrte Versicherungsmakler <span class=\"b-und-s\">B &amp; S<\/span> ber\u00e4t nunmehr mit einer Expertise von \u00fcber 40 Jahren, erfolgreich, mittelst\u00e4ndische, nationale und internationale Unternehmen in der deutschen Wirtschaft.<br \/>\nDas klassische gewerbliche Versicherungsgesch\u00e4ft ist dabei das Fundament f\u00fcr die Spezialisierung in den Bereichen, in denen Unternehmen und deren Management in Bedr\u00e4ngnis kommen k\u00f6nnen.<\/p>\n<p>Neben der Risikoabsicherung hat <span class=\"b-und-s\">B &amp; S<\/span> aber auch das Wohl von Personal und F\u00fchrungskr\u00e4ften der Unternehmen im Blick.<br \/>\nBei Aufbau, Kommunikation und Administration von betrieblicher Vorsorge ist der Mittelstand mit <span class=\"b-und-s\">B &amp; S<\/span> ebenso gut beraten, wie bei der Abl\u00f6sung und Umstrukturierung von Versorgungsordnungen, sowie der Information zu allem was in der betrieblichen Vorsorge dazu geh\u00f6rt.<\/p>\n","protected":false},"excerpt":{"rendered":"<p>Der 1998 gegr\u00fcndete inhabergef\u00fchrte Versicherungsmakler B &amp; S ber\u00e4t nunmehr mit einer Expertise von \u00fcber 40 Jahren, erfolgreich, mittelst\u00e4ndische, nationale und internationale Unternehmen in der deutschen Wirtschaft. Das klassische gewerbliche Versicherungsgesch\u00e4ft ist dabei das Fundament f\u00fcr die Spezialisierung in den Bereichen, in denen Unternehmen und deren Management in Bedr\u00e4ngnis kommen k\u00f6nnen. Neben der Risikoabsicherung hat &hellip; <\/p>\n<p class=\"link-more\"><a href=\"https:\/\/bsnet24.com\/en\/\" class=\"more-link\">Continue reading<span class=\"screen-reader-text\"> &#8220;Herzlich Willkommen&#8221;<\/span><\/a><\/p>\n","protected":false},"author":1,"featured_media":0,"parent":0,"menu_order":0,"comment_status":"closed","ping_status":"closed","template":"","meta":{"footnotes":""},"class_list":["post-7","page","type-page","status-publish","hentry"],"aioseo_notices":[],"_links":{"self":[{"href":"https:\/\/bsnet24.com\/en\/wp-json\/wp\/v2\/pages\/7","targetHints":{"allow":["GET"]}}],"collection":[{"href":"https:\/\/bsnet24.com\/en\/wp-json\/wp\/v2\/pages"}],"about":[{"href":"https:\/\/bsnet24.com\/en\/wp-json\/wp\/v2\/types\/page"}],"author":[{"embeddable":true,"href":"https:\/\/bsnet24.com\/en\/wp-json\/wp\/v2\/users\/1"}],"replies":[{"embeddable":true,"href":"https:\/\/bsnet24.com\/en\/wp-json\/wp\/v2\/comments?post=7"}],"version-history":[{"count":9,"href":"https:\/\/bsnet24.com\/en\/wp-json\/wp\/v2\/pages\/7\/revisions"}],"predecessor-version":[{"id":307,"href":"https:\/\/bsnet24.com\/en\/wp-json\/wp\/v2\/pages\/7\/revisions\/307"}],"wp:attachment":[{"href":"https:\/\/bsnet24.com\/en\/wp-json\/wp\/v2\/media?parent=7"}],"curies":[{"name":"wp","href":"https:\/\/api.w.org\/{rel}","templated":true}]}}